{"id":126,"date":"2026-01-11T16:21:08","date_gmt":"2026-01-11T16:21:08","guid":{"rendered":"https:\/\/www.microtales.travel\/microtales-es-una-coleccion-de-relatos-cortos-de-ficcion-inspirados-en-ciudades-y-lugares-reales\/"},"modified":"2026-01-21T08:08:20","modified_gmt":"2026-01-21T08:08:20","slug":"microtales-es-una-coleccion-de-relatos-cortos-de-ficcion-inspirados-en-ciudades-y-lugares-reales","status":"publish","type":"page","link":"https:\/\/www.microtales.travel\/es\/","title":{"rendered":"MicroTales es una colecci\u00f3n de relatos cortos de ficci\u00f3n inspirados en ciudades y lugares reales."},"content":{"rendered":"\n<p class=\"has-link-color has-medium-font-size wp-elements-bb24517178375266e4a858f171ef6210\">Cada historia es fruto de la imaginaci\u00f3n, pero est\u00e1 ambientada en calles, barrios y ciudades que existen y se pueden visitar.<\/p>\n\n<p class=\"has-medium-font-size\">Estas historias est\u00e1n pensadas para leerse despacio, como pasear por una ciudad que a\u00fan no conoces.<\/p>\n\n<h2 class=\"wp-block-heading\" style=\"border-top-color:var(--wp--preset--color--base);border-top-width:44px;border-right-color:var(--wp--preset--color--base);border-right-width:14px;border-bottom-color:var(--wp--preset--color--base);border-bottom-width:14px;border-left-color:var(--wp--preset--color--base);border-left-width:14px\">MicroTales recientes&#8230;<\/h2>\n<ul style=\"border-color:#cfcabe;border-top-left-radius:13px;border-top-right-radius:13px;border-bottom-left-radius:13px;border-bottom-right-radius:13px;border-width:24px; padding-top:0;padding-bottom:var(--wp--preset--spacing--10);margin-top:0;margin-bottom:0;\" class=\"wp-block-latest-posts__list wp-block-latest-posts has-background has-accent-background-color has-medium-font-size has-border-color\"><li><div class=\"wp-block-latest-posts__featured-image\"><a href=\"https:\/\/www.microtales.travel\/es\/secreto-musical-zaloria-buenos-aires\/\" aria-label=\"El secreto musical de Zaloria en Buenos Aires\"><img loading=\"lazy\" decoding=\"async\" width=\"300\" height=\"171\" src=\"https:\/\/www.microtales.travel\/wp-content\/uploads\/2026\/04\/imagen-3-300x171.png\" class=\"attachment-medium size-medium wp-post-image\" alt=\"Mila, una joven restauradora de antig\u00fcedades, explora la historia oculta de Zaloria, rodeada de objetos antiguos y arquitectura emblem\u00e1tica.\" style=\"\" srcset=\"https:\/\/www.microtales.travel\/wp-content\/uploads\/2026\/04\/imagen-3-300x171.png 300w, https:\/\/www.microtales.travel\/wp-content\/uploads\/2026\/04\/imagen-3-1024x585.png 1024w, https:\/\/www.microtales.travel\/wp-content\/uploads\/2026\/04\/imagen-3-768x439.png 768w, https:\/\/www.microtales.travel\/wp-content\/uploads\/2026\/04\/imagen-3-1536x878.png 1536w, https:\/\/www.microtales.travel\/wp-content\/uploads\/2026\/04\/imagen-3.png 1792w\" sizes=\"auto, (max-width: 300px) 100vw, 300px\" \/><\/a><\/div><a class=\"wp-block-latest-posts__post-title\" href=\"https:\/\/www.microtales.travel\/es\/secreto-musical-zaloria-buenos-aires\/\">El secreto musical de Zaloria en Buenos Aires<\/a><div class=\"wp-block-latest-posts__post-excerpt\">Una joven restauradora desentra\u00f1a un misterio ligado a un m\u00fasico del Teatro Col\u00f3n y un relicario en Caminito.<\/div><\/li>\n<li><div class=\"wp-block-latest-posts__featured-image\"><a href=\"https:\/\/www.microtales.travel\/es\/luminara-secreto-luz-oculta\/\" aria-label=\"Luminara: el secreto de la luz oculta\"><img loading=\"lazy\" decoding=\"async\" width=\"300\" height=\"171\" src=\"https:\/\/www.microtales.travel\/wp-content\/uploads\/2026\/04\/imagen-2-300x171.png\" class=\"attachment-medium size-medium wp-post-image\" alt=\"Mila, una joven alquimista de 27 a\u00f1os, observa las estrellas en el m\u00e1gico paisaje de Luminara, buscando secretos ocultos en la luz.\" style=\"\" srcset=\"https:\/\/www.microtales.travel\/wp-content\/uploads\/2026\/04\/imagen-2-300x171.png 300w, https:\/\/www.microtales.travel\/wp-content\/uploads\/2026\/04\/imagen-2-1024x585.png 1024w, https:\/\/www.microtales.travel\/wp-content\/uploads\/2026\/04\/imagen-2-768x439.png 768w, https:\/\/www.microtales.travel\/wp-content\/uploads\/2026\/04\/imagen-2-1536x878.png 1536w, https:\/\/www.microtales.travel\/wp-content\/uploads\/2026\/04\/imagen-2.png 1792w\" sizes=\"auto, (max-width: 300px) 100vw, 300px\" \/><\/a><\/div><a class=\"wp-block-latest-posts__post-title\" href=\"https:\/\/www.microtales.travel\/es\/luminara-secreto-luz-oculta\/\">Luminara: el secreto de la luz oculta<\/a><div class=\"wp-block-latest-posts__post-excerpt\">Mila, una alquimista de la luz, descubre un templo oculto y antiguos secretos en Luminara.<\/div><\/li>\n<\/ul><ul class=\"wp-block-categories-list wp-block-categories\"><li class=\"cat-item-none\">No hay categor\u00edas<\/li><\/ul>\n<p><\/p>\n","protected":false},"excerpt":{"rendered":"<p>Cada historia es fruto de la imaginaci\u00f3n, pero est\u00e1 ambientada en calles, barrios y ciudades que existen y se pueden visitar. Estas historias est\u00e1n pensadas para leerse despacio, como pasear por una ciudad que a\u00fan no conoces. MicroTales recientes&#8230;<\/p>\n","protected":false},"author":1,"featured_media":0,"parent":0,"menu_order":0,"comment_status":"closed","ping_status":"open","template":"","meta":{"footnotes":""},"class_list":["post-126","page","type-page","status-publish","hentry"],"_links":{"self":[{"href":"https:\/\/www.microtales.travel\/es\/wp-json\/wp\/v2\/pages\/126","targetHints":{"allow":["GET"]}}],"collection":[{"href":"https:\/\/www.microtales.travel\/es\/wp-json\/wp\/v2\/pages"}],"about":[{"href":"https:\/\/www.microtales.travel\/es\/wp-json\/wp\/v2\/types\/page"}],"author":[{"embeddable":true,"href":"https:\/\/www.microtales.travel\/es\/wp-json\/wp\/v2\/users\/1"}],"replies":[{"embeddable":true,"href":"https:\/\/www.microtales.travel\/es\/wp-json\/wp\/v2\/comments?post=126"}],"version-history":[{"count":6,"href":"https:\/\/www.microtales.travel\/es\/wp-json\/wp\/v2\/pages\/126\/revisions"}],"predecessor-version":[{"id":191,"href":"https:\/\/www.microtales.travel\/es\/wp-json\/wp\/v2\/pages\/126\/revisions\/191"}],"wp:attachment":[{"href":"https:\/\/www.microtales.travel\/es\/wp-json\/wp\/v2\/media?parent=126"}],"curies":[{"name":"wp","href":"https:\/\/api.w.org\/{rel}","templated":true}]}}