{"id":128,"date":"2026-01-11T16:21:08","date_gmt":"2026-01-11T16:21:08","guid":{"rendered":"https:\/\/www.microtales.travel\/microtales-est-une-collection-de-courtes-histoires-de-fiction-inspirees-de-villes-et-de-lieux-reels\/"},"modified":"2026-02-08T18:47:25","modified_gmt":"2026-02-08T18:47:25","slug":"microtales-est-une-collection-de-courtes-histoires-de-fiction-inspirees-de-villes-et-de-lieux-reels","status":"publish","type":"page","link":"https:\/\/www.microtales.travel\/fr\/","title":{"rendered":"MicroTales est une collection de courtes histoires de fiction inspir\u00e9es de villes et de lieux r\u00e9els."},"content":{"rendered":"\n<p class=\"has-link-color has-medium-font-size wp-elements-4743b283c683a8591a1dc44f8078de98\">Chaque histoire est imagin\u00e9e, mais se d\u00e9roule dans des rues, des quartiers et des villes qui existent et peuvent \u00eatre visit\u00e9s.<\/p>\n\n<p class=\"has-medium-font-size\">Ces histoires sont faites pour \u00eatre lues lentement, comme lorsqu&rsquo;on se prom\u00e8ne dans une ville que l&rsquo;on ne conna\u00eet pas encore.<\/p>\n\n<h2 class=\"wp-block-heading\" style=\"border-top-color:var(--wp--preset--color--base);border-top-width:44px;border-right-color:var(--wp--preset--color--base);border-right-width:14px;border-bottom-color:var(--wp--preset--color--base);border-bottom-width:14px;border-left-color:var(--wp--preset--color--base);border-left-width:14px\">Micro contes r\u00e9cents&#8230;<\/h2>\n<ul style=\"border-color:#cfcabe;border-top-left-radius:13px;border-top-right-radius:13px;border-bottom-left-radius:13px;border-bottom-right-radius:13px;border-width:24px; padding-top:0;padding-bottom:var(--wp--preset--spacing--10);margin-top:0;margin-bottom:0;\" class=\"wp-block-latest-posts__list wp-block-latest-posts has-background has-accent-background-color has-medium-font-size has-border-color\"><li><div class=\"wp-block-latest-posts__featured-image\"><a href=\"https:\/\/www.microtales.travel\/fr\/le-secret-de-zaloria-san-telmo\/\" aria-label=\"Le secret de Zaloria \u00e0 San Telmo\"><img loading=\"lazy\" decoding=\"async\" width=\"300\" height=\"171\" src=\"https:\/\/www.microtales.travel\/wp-content\/uploads\/2026\/04\/imagen-3-300x171.png\" class=\"attachment-medium size-medium wp-post-image\" alt=\"Mila, una joven restauradora de antig\u00fcedades, explora la historia oculta de Zaloria, rodeada de objetos antiguos y arquitectura emblem\u00e1tica.\" style=\"\" srcset=\"https:\/\/www.microtales.travel\/wp-content\/uploads\/2026\/04\/imagen-3-300x171.png 300w, https:\/\/www.microtales.travel\/wp-content\/uploads\/2026\/04\/imagen-3-1024x585.png 1024w, https:\/\/www.microtales.travel\/wp-content\/uploads\/2026\/04\/imagen-3-768x439.png 768w, https:\/\/www.microtales.travel\/wp-content\/uploads\/2026\/04\/imagen-3-1536x878.png 1536w, https:\/\/www.microtales.travel\/wp-content\/uploads\/2026\/04\/imagen-3.png 1792w\" sizes=\"auto, (max-width: 300px) 100vw, 300px\" \/><\/a><\/div><a class=\"wp-block-latest-posts__post-title\" href=\"https:\/\/www.microtales.travel\/fr\/le-secret-de-zaloria-san-telmo\/\">Le secret de Zaloria \u00e0 San Telmo<\/a><div class=\"wp-block-latest-posts__post-excerpt\">Dans Zaloria, une jeune restauratrice exhume un myst\u00e8re musical oubli\u00e9 dans les rues de Buenos Aires.<\/div><\/li>\n<li><div class=\"wp-block-latest-posts__featured-image\"><a href=\"https:\/\/www.microtales.travel\/fr\/luminara-le-secret-de-la-lumiere-cachee\/\" aria-label=\"Luminara: Le secret de la lumi\u00e8re cach\u00e9e\"><img loading=\"lazy\" decoding=\"async\" width=\"300\" height=\"171\" src=\"https:\/\/www.microtales.travel\/wp-content\/uploads\/2026\/04\/imagen-2-300x171.png\" class=\"attachment-medium size-medium wp-post-image\" alt=\"Mila, una joven alquimista de 27 a\u00f1os, observa las estrellas en el m\u00e1gico paisaje de Luminara, buscando secretos ocultos en la luz.\" style=\"\" srcset=\"https:\/\/www.microtales.travel\/wp-content\/uploads\/2026\/04\/imagen-2-300x171.png 300w, https:\/\/www.microtales.travel\/wp-content\/uploads\/2026\/04\/imagen-2-1024x585.png 1024w, https:\/\/www.microtales.travel\/wp-content\/uploads\/2026\/04\/imagen-2-768x439.png 768w, https:\/\/www.microtales.travel\/wp-content\/uploads\/2026\/04\/imagen-2-1536x878.png 1536w, https:\/\/www.microtales.travel\/wp-content\/uploads\/2026\/04\/imagen-2.png 1792w\" sizes=\"auto, (max-width: 300px) 100vw, 300px\" \/><\/a><\/div><a class=\"wp-block-latest-posts__post-title\" href=\"https:\/\/www.microtales.travel\/fr\/luminara-le-secret-de-la-lumiere-cachee\/\">Luminara: Le secret de la lumi\u00e8re cach\u00e9e<\/a><div class=\"wp-block-latest-posts__post-excerpt\">Mila, alchimiste, explore les myst\u00e8res de la lumi\u00e8re \u00e0 Luminara et d\u00e9couvre un temple enfoui r\u00e9v\u00e9lant un secret ancien.<\/div><\/li>\n<\/ul><ul class=\"wp-block-categories-list wp-block-categories\">\t<li class=\"cat-item cat-item-17\"><a href=\"https:\/\/www.microtales.travel\/fr\/category\/non-categorise\/\">Non cat\u00e9goris\u00e9<\/a>\n<\/li>\n<\/ul>\n<p><\/p>\n","protected":false},"excerpt":{"rendered":"<p>Chaque histoire est imagin\u00e9e, mais se d\u00e9roule dans des rues, des quartiers et des villes qui existent et peuvent \u00eatre visit\u00e9s. Ces histoires sont faites pour \u00eatre lues lentement, comme lorsqu&rsquo;on se prom\u00e8ne dans une ville que l&rsquo;on ne conna\u00eet pas encore. Micro contes r\u00e9cents&#8230;<\/p>\n","protected":false},"author":1,"featured_media":0,"parent":0,"menu_order":0,"comment_status":"closed","ping_status":"open","template":"","meta":{"footnotes":""},"class_list":["post-128","page","type-page","status-publish","hentry"],"_links":{"self":[{"href":"https:\/\/www.microtales.travel\/fr\/wp-json\/wp\/v2\/pages\/128","targetHints":{"allow":["GET"]}}],"collection":[{"href":"https:\/\/www.microtales.travel\/fr\/wp-json\/wp\/v2\/pages"}],"about":[{"href":"https:\/\/www.microtales.travel\/fr\/wp-json\/wp\/v2\/types\/page"}],"author":[{"embeddable":true,"href":"https:\/\/www.microtales.travel\/fr\/wp-json\/wp\/v2\/users\/1"}],"replies":[{"embeddable":true,"href":"https:\/\/www.microtales.travel\/fr\/wp-json\/wp\/v2\/comments?post=128"}],"version-history":[{"count":6,"href":"https:\/\/www.microtales.travel\/fr\/wp-json\/wp\/v2\/pages\/128\/revisions"}],"predecessor-version":[{"id":192,"href":"https:\/\/www.microtales.travel\/fr\/wp-json\/wp\/v2\/pages\/128\/revisions\/192"}],"wp:attachment":[{"href":"https:\/\/www.microtales.travel\/fr\/wp-json\/wp\/v2\/media?parent=128"}],"curies":[{"name":"wp","href":"https:\/\/api.w.org\/{rel}","templated":true}]}}